{"id":2,"date":"2015-09-16T04:24:25","date_gmt":"2015-09-16T04:24:25","guid":{"rendered":"http:\/\/wp431m.a10-52-158-154.qa.plesk.ru\/wordpress\/?page_id=2"},"modified":"2026-04-09T06:59:09","modified_gmt":"2026-04-09T06:59:09","slug":"spevniky_a_nahravky","status":"publish","type":"page","link":"https:\/\/www.rolnicky.sk\/?page_id=2","title":{"rendered":"Video, spevn\u00edk a nahr\u00e1vky"},"content":{"rendered":"\n<p><strong>VIDEO<\/strong><\/p>\n\n\n\n<p>Zadajte do Google alebo priamo do Youtube &#8222;Rolni\u010dky &#8211; folkov\u00e1 skupina&#8220; a n\u00e1jdete viacero videoz\u00e1znamov jednotliv\u00fdch pesni\u010diek aj cel\u00fdch vyst\u00fapen\u00ed. Uv\u00e1dzame preto iba nieko\u013eko z nich na uk\u00e1\u017eku.<\/p>\n\n\n\n<figure class=\"wp-block-embed is-type-video is-provider-youtube wp-block-embed-youtube wp-embed-aspect-16-9 wp-has-aspect-ratio\"><div class=\"wp-block-embed__wrapper\">\n<iframe loading=\"lazy\" title=\"Dobr\u00e9 slovo\" width=\"640\" height=\"360\" src=\"https:\/\/www.youtube.com\/embed\/r6dIbts0qqA?feature=oembed\" frameborder=\"0\" allow=\"accelerometer; autoplay; clipboard-write; encrypted-media; gyroscope; picture-in-picture; web-share\" referrerpolicy=\"strict-origin-when-cross-origin\" allowfullscreen><\/iframe>\n<\/div><figcaption class=\"wp-element-caption\"><a href=\"https:\/\/www.rolnicky.sk\/?p=1584\" target=\"_blank\" rel=\"noreferrer noopener\">Videoklip pesni\u010dky &#8222;Dobr\u00e9 slovo&#8220; <\/a><\/figcaption><\/figure>\n\n\n\n<figure class=\"wp-block-embed is-type-video is-provider-youtube wp-block-embed-youtube wp-embed-aspect-16-9 wp-has-aspect-ratio\"><div class=\"wp-block-embed__wrapper\">\n<iframe loading=\"lazy\" title=\"ROLNI\u010cKY -  CLIP\" width=\"640\" height=\"360\" src=\"https:\/\/www.youtube.com\/embed\/-QQQjsloAiA?feature=oembed\" frameborder=\"0\" allow=\"accelerometer; autoplay; clipboard-write; encrypted-media; gyroscope; picture-in-picture; web-share\" referrerpolicy=\"strict-origin-when-cross-origin\" allowfullscreen><\/iframe>\n<\/div><figcaption class=\"wp-element-caption\">Pesni\u010dka &#8222;Komiksy&#8220; z koncertu v Ivanke pri Dunaji 26. 1. 2026<\/figcaption><\/figure>\n\n\n\n<p><\/p>\n\n\n\n<figure class=\"wp-block-embed is-type-video is-provider-vimeo wp-block-embed-vimeo wp-embed-aspect-16-9 wp-has-aspect-ratio\"><div class=\"wp-block-embed__wrapper\">\n<iframe loading=\"lazy\" title=\"Dobr\u00e9 \u010dasy\" src=\"https:\/\/player.vimeo.com\/video\/861355155?dnt=1&amp;app_id=122963\" width=\"640\" height=\"360\" frameborder=\"0\" allow=\"autoplay; fullscreen; picture-in-picture; clipboard-write; encrypted-media; web-share\" referrerpolicy=\"strict-origin-when-cross-origin\"><\/iframe>\n<\/div><figcaption class=\"wp-element-caption\">Videoklip pesni\u010dky &#8222;Dobr\u00e9 \u010dasy&#8220;<br><br><\/figcaption><\/figure>\n\n\n\n<figure class=\"wp-block-embed is-type-video is-provider-youtube wp-block-embed-youtube wp-embed-aspect-16-9 wp-has-aspect-ratio\"><div class=\"wp-block-embed__wrapper\">\n<iframe loading=\"lazy\" title=\"Mohelnick\u00fd FolkFest 2025 - ROLNI\u010cKY\" width=\"640\" height=\"360\" src=\"https:\/\/www.youtube.com\/embed\/M2dlKy7MA1I?start=936&#038;feature=oembed\" frameborder=\"0\" allow=\"accelerometer; autoplay; clipboard-write; encrypted-media; gyroscope; picture-in-picture; web-share\" referrerpolicy=\"strict-origin-when-cross-origin\" allowfullscreen><\/iframe>\n<\/div><figcaption class=\"wp-element-caption\">Z\u00e1znam z n\u00e1\u0161ho vyst\u00fapenia na festivale Mohelnick\u00fd Folkfest v auguste 2025<\/figcaption><\/figure>\n\n\n\n<p><\/p>\n\n\n\n<figure class=\"wp-block-embed is-type-video is-provider-youtube wp-block-embed-youtube wp-embed-aspect-16-9 wp-has-aspect-ratio\"><div class=\"wp-block-embed__wrapper\">\n<iframe loading=\"lazy\" title=\"Folk na lavi\u010dke  ROLNI\u010cKY - Mobily\" width=\"640\" height=\"360\" src=\"https:\/\/www.youtube.com\/embed\/ptCpUfyGoEE?feature=oembed\" frameborder=\"0\" allow=\"accelerometer; autoplay; clipboard-write; encrypted-media; gyroscope; picture-in-picture; web-share\" referrerpolicy=\"strict-origin-when-cross-origin\" allowfullscreen><\/iframe>\n<\/div><figcaption class=\"wp-element-caption\">Pesni\u010dka &#8222;Mobily&#8220; z koncertu v Ivanke pri Duanji 16. 8. 2020<\/figcaption><\/figure>\n\n\n\n<p><\/p>\n\n\n\n<figure class=\"wp-block-embed is-type-video is-provider-vimeo wp-block-embed-vimeo wp-embed-aspect-16-9 wp-has-aspect-ratio\"><div class=\"wp-block-embed__wrapper\">\n<iframe loading=\"lazy\" title=\"Rolni\u010dky: Cht\u011bl bych b\u00fdt medv\u00eddkem\" src=\"https:\/\/player.vimeo.com\/video\/411144094?dnt=1&amp;app_id=122963\" width=\"640\" height=\"360\" frameborder=\"0\" allow=\"autoplay; fullscreen; picture-in-picture; clipboard-write; encrypted-media; web-share\" referrerpolicy=\"strict-origin-when-cross-origin\"><\/iframe>\n<\/div><figcaption class=\"wp-element-caption\">Videoklip na\u0161ej &#8222;medv\u00eddkovej&#8220; pesni\u010dky sme vyrobili &#8222;na dia\u013eku&#8220; v smutnom \u010dase, ke\u010f sme si po\u010das covidovej pand\u00e9mie nemohli zahra\u0165 spolu.<\/figcaption><\/figure>\n\n\n\n<p><\/p>\n\n\n\n<p class=\"has-text-align-left\"><\/p>\n\n\n\n<p><a href=\"https:\/\/www.facebook.com\/watch\/?v=857291381970082\" target=\"_blank\" rel=\"noopener\">Rusovl\u00e1ska z koncertu v Ostrave v novembri 2022<\/a><\/p>\n\n\n\n<p><a href=\"https:\/\/www.tvnoe.cz\/porad\/26805-mezi-prazci-unor-2020?fbclid=IwAR1uyJSzLbPnOfrGK6m1JG25AAFgPDYgc6qSWtGqZJkuBa33uyU5RsDvo7Q\" target=\"_blank\" rel=\"noopener\">Telev\u00edzia NOE vo febru\u00e1ri 2020 v r\u00e1mci rel\u00e1cie \u201eMezi pra\u017eci\u201c vyu\u017eila aj z\u00e1znam z n\u00e1\u0161ho vyst\u00fapenia na 44. Mohelnickom Dostavn\u00edku.<\/a><\/p>\n\n\n\n<figure class=\"wp-block-embed is-type-video is-provider-youtube wp-block-embed-youtube wp-embed-aspect-16-9 wp-has-aspect-ratio\"><div class=\"wp-block-embed__wrapper\">\n<iframe loading=\"lazy\" title=\"ROLNI\u010cKY - Cht\u011bl bych b\u00fdt medv\u00eddkem\" width=\"640\" height=\"360\" src=\"https:\/\/www.youtube.com\/embed\/Ix54FeJfzNM?feature=oembed\" frameborder=\"0\" allow=\"accelerometer; autoplay; clipboard-write; encrypted-media; gyroscope; picture-in-picture; web-share\" referrerpolicy=\"strict-origin-when-cross-origin\" allowfullscreen><\/iframe>\n<\/div><\/figure>\n\n\n\n<p>Pesni\u010dka &#8222;Cht\u011bl bych b\u00fdt medv\u00eddkem&#8220; z lukostreleck\u00e9ho koncertu v Ivanke pri Dunaji v marci 2019<\/p>\n\n\n\n<p class=\"has-text-align-center\">&#8230;&#8230;&#8230;&#8230;&#8230;&#8230;&#8230;&#8230;&#8230;&#8230;&#8230;&#8230;&#8230;&#8230;&#8230;&#8230;&#8230;&#8230;&#8230;&#8230;&#8230;&#8230;&#8230;&#8230;&#8230;&#8230;&#8230;&#8230;&#8230;&#8230;&#8230;&#8230;&#8230;&#8230;&#8230;&#8230;&#8230;&#8230;&#8230;..<\/p>\n\n\n\n<figure class=\"wp-block-embed is-type-video is-provider-vimeo wp-block-embed-vimeo wp-embed-aspect-16-9 wp-has-aspect-ratio\"><div class=\"wp-block-embed__wrapper\">\n<iframe loading=\"lazy\" title=\"Rolni\u010dky na festivale Pramene 2017\" src=\"https:\/\/player.vimeo.com\/video\/225771543?dnt=1&amp;app_id=122963\" width=\"640\" height=\"360\" frameborder=\"0\" allow=\"autoplay; fullscreen; picture-in-picture; clipboard-write; encrypted-media; web-share\" referrerpolicy=\"strict-origin-when-cross-origin\"><\/iframe>\n<\/div><\/figure>\n\n\n\n<p class=\"has-text-align-center\">&#8230;&#8230;&#8230;&#8230;&#8230;&#8230;&#8230;&#8230;&#8230;&#8230;&#8230;&#8230;&#8230;&#8230;&#8230;&#8230;&#8230;&#8230;&#8230;&#8230;&#8230;&#8230;&#8230;&#8230;&#8230;&#8230;&#8230;&#8230;&#8230;&#8230;&#8230;&#8230;&#8230;&#8230;&#8230;&#8230;&#8230;&#8230;&#8230;..<\/p>\n\n\n\n<figure class=\"wp-block-embed is-type-video is-provider-youtube wp-block-embed-youtube wp-embed-aspect-16-9 wp-has-aspect-ratio\"><div class=\"wp-block-embed__wrapper\">\n<iframe loading=\"lazy\" title=\"Rolni\u010dky Bratislava - Zastavenie - Folkov\u00e9 Chvojen\u00ed 2015\" width=\"640\" height=\"360\" src=\"https:\/\/www.youtube.com\/embed\/SvxK3AbXmwQ?feature=oembed\" frameborder=\"0\" allow=\"accelerometer; autoplay; clipboard-write; encrypted-media; gyroscope; picture-in-picture; web-share\" referrerpolicy=\"strict-origin-when-cross-origin\" allowfullscreen><\/iframe>\n<\/div><\/figure>\n\n\n\n<p><\/p>\n\n\n\n<figure class=\"wp-block-embed is-type-video is-provider-youtube wp-block-embed-youtube wp-embed-aspect-16-9 wp-has-aspect-ratio\"><div class=\"wp-block-embed__wrapper\">\n<iframe loading=\"lazy\" title=\"Rolni\u010dky COUNTRY 1994\" width=\"640\" height=\"360\" src=\"https:\/\/www.youtube.com\/embed\/1W40_f8eudA?feature=oembed\" frameborder=\"0\" allow=\"accelerometer; autoplay; clipboard-write; encrypted-media; gyroscope; picture-in-picture; web-share\" referrerpolicy=\"strict-origin-when-cross-origin\" allowfullscreen><\/iframe>\n<\/div><figcaption class=\"wp-element-caption\">Ostrov Mehinaku v podobe z roku 1994 &#8211; s\u00f3lo spievaj\u00fa \u013duba Pia\u010dkov\u00e1 a Ras\u0165o \u0158ez\u00e1\u010d<\/figcaption><\/figure>\n\n\n\n<p><strong>SPEVN\u00cdK<\/strong><br>Pre v\u00e1s, kto by ste chceli na\u0161e pesni\u010dky sami hra\u0165 a spieva\u0165 pre rados\u0165 sebe \u010di in\u00fdm \u013eu\u010fom, d\u00e1vame k dispoz\u00edcii na stiahnutie <a rel=\"noopener\" href=\"https:\/\/www.rolnicky.sk\/wp-content\/uploads\/2017\/spevnik.pdf\" target=\"_blank\">spevn\u00edk<\/a>, v ktorom n\u00e1jdete texty a akordy v\u0161etk\u00fdch rolni\u010dkov\u00fdch pesni\u010diek.<\/p>\n\n\n\n<p><strong>SPIEVANIE S ROLNI\u010cKAMI<\/strong><\/p>\n\n\n\n<p>Pokia\u013e v\u00e1m to s gitarou pr\u00edli\u0161 nejde, m\u00f4\u017ete to sk\u00fasi\u0165 s celou kapelou. Pon\u00fakame v\u00e1m sadu nahr\u00e1vok &#8222;Ja a Rolni\u010dky&#8220;, v ktor\u00fdch ch\u00fdba s\u00f3lov\u00fd spev. Ten je v\u00e1\u0161!<\/p>\n\n\n\n<p><a href=\"https:\/\/www.rolnicky.sk\/wp-content\/uploads\/ja_a_rolnicky\/cesta_casom_solo.mp3\" target=\"_blank\" rel=\"noopener\">Cesta \u010dasom<\/a><\/p>\n\n\n\n<p><a href=\"https:\/\/www.rolnicky.sk\/wp-content\/uploads\/ja_a_rolnicky\/dospelacka_solo.mp3\" target=\"_blank\" rel=\"noopener\">Dospel\u00e1cka<\/a><\/p>\n\n\n\n<p><a href=\"https:\/\/www.rolnicky.sk\/wp-content\/uploads\/ja_a_rolnicky\/inzinierska_solo.mp3\" target=\"_blank\" rel=\"noopener\">In\u017einierska<\/a><\/p>\n\n\n\n<p><a href=\"https:\/\/www.rolnicky.sk\/wp-content\/uploads\/ja_a_rolnicky\/kapitan_solo.mp3\" target=\"_blank\" rel=\"noopener\">Kapit\u00e1n<\/a><\/p>\n\n\n\n<p><a href=\"https:\/\/www.rolnicky.sk\/wp-content\/uploads\/ja_a_rolnicky\/kolaje_solo.mp3\" target=\"_blank\" rel=\"noopener\">Ko\u013eaje<\/a><\/p>\n\n\n\n<p><a href=\"https:\/\/www.rolnicky.sk\/wp-content\/uploads\/ja_a_rolnicky\/krajina_navratov_solo.mp3\" target=\"_blank\" rel=\"noopener\">Krajina N\u00e1vratov<\/a><\/p>\n\n\n\n<p><a href=\"https:\/\/www.rolnicky.sk\/wp-content\/uploads\/ja_a_rolnicky\/mobily_solo.mp3\" target=\"_blank\" rel=\"noopener\">Mobily<\/a><\/p>\n\n\n\n<p><a href=\"https:\/\/www.rolnicky.sk\/wp-content\/uploads\/ja_a_rolnicky\/Naplno_solo1.mp3\" target=\"_blank\" rel=\"noopener\">Naplno &#8211;&nbsp;pre mu\u017esk\u00fd s\u00f3lo hlas<\/a><\/p>\n\n\n\n<p><a href=\"https:\/\/www.rolnicky.sk\/wp-content\/uploads\/ja_a_rolnicky\/Naplno_solo_2hlasy.mp3\" target=\"_blank\" rel=\"noopener\">Naplno &#8211; pre obidva s\u00f3lo hlasy<\/a><\/p>\n\n\n\n<p><a href=\"https:\/\/www.rolnicky.sk\/wp-content\/uploads\/ja_a_rolnicky\/novorocna_solo.mp3\" target=\"_blank\" rel=\"noopener\">Novoro\u010dn\u00e1<\/a><\/p>\n\n\n\n<p><a href=\"https:\/\/www.rolnicky.sk\/wp-content\/uploads\/ja_a_rolnicky\/opice_solo.mp3\" target=\"_blank\" rel=\"noopener\">Opice<\/a><\/p>\n\n\n\n<p><a href=\"https:\/\/www.rolnicky.sk\/wp-content\/uploads\/ja_a_rolnicky\/plaz_solo.mp3\" target=\"_blank\" rel=\"noopener\">Pl\u00e1\u017e<\/a><\/p>\n\n\n\n<p><a href=\"https:\/\/www.rolnicky.sk\/wp-content\/uploads\/ja_a_rolnicky\/prasiatko_solo.mp3\" target=\"_blank\" rel=\"noopener\">Prasiatko<\/a><\/p>\n\n\n\n<p><a href=\"https:\/\/www.rolnicky.sk\/wp-content\/uploads\/ja_a_rolnicky\/rebrinak_solo.mp3\" target=\"_blank\" rel=\"noopener\">Rebri\u0148\u00e1k<\/a><\/p>\n\n\n\n<p><a href=\"https:\/\/www.rolnicky.sk\/wp-content\/uploads\/ja_a_rolnicky\/tak_sa_mi_zda_solo.mp3\" target=\"_blank\" rel=\"noopener\">Tak sa mi zd\u00e1<\/a><\/p>\n\n\n\n<p><a href=\"https:\/\/www.rolnicky.sk\/wp-content\/uploads\/ja_a_rolnicky\/vcelarska_solo.mp3\" target=\"_blank\" rel=\"noopener\">V\u010del\u00e1rska<\/a><\/p>\n\n\n\n<p><\/p>\n","protected":false},"excerpt":{"rendered":"<p>VIDEO Zadajte do Google alebo priamo do Youtube &#8222;Rolni\u010dky &#8211; folkov\u00e1 skupina&#8220; a n\u00e1jdete viacero videoz\u00e1znamov jednotliv\u00fdch pesni\u010diek aj cel\u00fdch vyst\u00fapen\u00ed. Uv\u00e1dzame preto iba nieko\u013eko z nich na uk\u00e1\u017eku. Rusovl\u00e1ska z koncertu v Ostrave v novembri 2022 Telev\u00edzia NOE vo &hellip; <a href=\"https:\/\/www.rolnicky.sk\/?page_id=2\">Pokra\u010dova\u0165 v \u010d\u00edtan\u00ed <span class=\"meta-nav\">&rarr;<\/span><\/a><\/p>\n","protected":false},"author":2,"featured_media":0,"parent":0,"menu_order":0,"comment_status":"closed","ping_status":"closed","template":"","meta":{"footnotes":""},"class_list":["post-2","page","type-page","status-publish","hentry"],"_links":{"self":[{"href":"https:\/\/www.rolnicky.sk\/index.php?rest_route=\/wp\/v2\/pages\/2","targetHints":{"allow":["GET"]}}],"collection":[{"href":"https:\/\/www.rolnicky.sk\/index.php?rest_route=\/wp\/v2\/pages"}],"about":[{"href":"https:\/\/www.rolnicky.sk\/index.php?rest_route=\/wp\/v2\/types\/page"}],"author":[{"embeddable":true,"href":"https:\/\/www.rolnicky.sk\/index.php?rest_route=\/wp\/v2\/users\/2"}],"replies":[{"embeddable":true,"href":"https:\/\/www.rolnicky.sk\/index.php?rest_route=%2Fwp%2Fv2%2Fcomments&post=2"}],"version-history":[{"count":27,"href":"https:\/\/www.rolnicky.sk\/index.php?rest_route=\/wp\/v2\/pages\/2\/revisions"}],"predecessor-version":[{"id":1627,"href":"https:\/\/www.rolnicky.sk\/index.php?rest_route=\/wp\/v2\/pages\/2\/revisions\/1627"}],"wp:attachment":[{"href":"https:\/\/www.rolnicky.sk\/index.php?rest_route=%2Fwp%2Fv2%2Fmedia&parent=2"}],"curies":[{"name":"wp","href":"https:\/\/api.w.org\/{rel}","templated":true}]}}