{"id":194,"date":"2016-05-06T21:24:56","date_gmt":"2016-05-06T21:24:56","guid":{"rendered":"http:\/\/www.rolnicky.sk\/?page_id=194"},"modified":"2026-02-27T22:31:12","modified_gmt":"2026-02-27T22:31:12","slug":"kontakty","status":"publish","type":"page","link":"https:\/\/www.rolnicky.sk\/?page_id=194","title":{"rendered":"Kontakty"},"content":{"rendered":"<p>Du\u0161an Franc\u016f \u00a0dusan@rolnicky.sk \u00a0 \u00a00903 559 396 &#8211; ved\u00faci skupiny<br \/>\nHana J\u00f3\u017eov\u00e1 \u00a0 \u00a0hanka@rolnicky.sk &#8211; gazdin\u00e1 skupiny<br \/>\nDada Gr\u00e1cov\u00e1 dadagracova@gmail.com &#8211; hlavn\u00fd kontakt pre usporiadate\u013eov<\/p>\n","protected":false},"excerpt":{"rendered":"<p>Du\u0161an Franc\u016f \u00a0dusan@rolnicky.sk \u00a0 \u00a00903 559 396 &#8211; ved\u00faci skupiny Hana J\u00f3\u017eov\u00e1 \u00a0 \u00a0hanka@rolnicky.sk &#8211; gazdin\u00e1 skupiny Dada Gr\u00e1cov\u00e1 dadagracova@gmail.com &#8211; hlavn\u00fd kontakt pre usporiadate\u013eov<\/p>\n","protected":false},"author":2,"featured_media":0,"parent":0,"menu_order":0,"comment_status":"closed","ping_status":"closed","template":"","meta":{"footnotes":""},"class_list":["post-194","page","type-page","status-publish","hentry"],"_links":{"self":[{"href":"https:\/\/www.rolnicky.sk\/index.php?rest_route=\/wp\/v2\/pages\/194","targetHints":{"allow":["GET"]}}],"collection":[{"href":"https:\/\/www.rolnicky.sk\/index.php?rest_route=\/wp\/v2\/pages"}],"about":[{"href":"https:\/\/www.rolnicky.sk\/index.php?rest_route=\/wp\/v2\/types\/page"}],"author":[{"embeddable":true,"href":"https:\/\/www.rolnicky.sk\/index.php?rest_route=\/wp\/v2\/users\/2"}],"replies":[{"embeddable":true,"href":"https:\/\/www.rolnicky.sk\/index.php?rest_route=%2Fwp%2Fv2%2Fcomments&post=194"}],"version-history":[{"count":3,"href":"https:\/\/www.rolnicky.sk\/index.php?rest_route=\/wp\/v2\/pages\/194\/revisions"}],"predecessor-version":[{"id":1588,"href":"https:\/\/www.rolnicky.sk\/index.php?rest_route=\/wp\/v2\/pages\/194\/revisions\/1588"}],"wp:attachment":[{"href":"https:\/\/www.rolnicky.sk\/index.php?rest_route=%2Fwp%2Fv2%2Fmedia&parent=194"}],"curies":[{"name":"wp","href":"https:\/\/api.w.org\/{rel}","templated":true}]}}